{"id":20,"date":"2020-01-31T18:39:01","date_gmt":"2020-01-31T17:39:01","guid":{"rendered":"https:\/\/thecoffeeworld.de\/?page_id=20"},"modified":"2023-05-11T11:36:18","modified_gmt":"2023-05-11T09:36:18","slug":"ueber-uns","status":"publish","type":"page","link":"https:\/\/thecoffeeworld.de\/en\/ueber-uns\/","title":{"rendered":"\u00dcber uns"},"content":{"rendered":"\t\t<div data-elementor-type=\"wp-page\" data-elementor-id=\"20\" class=\"elementor elementor-20\" data-elementor-post-type=\"page\">\n\t\t\t\t\t\t<section class=\"elementor-section elementor-top-section elementor-element elementor-element-dea4a5a elementor-section-stretched elementor-section-boxed elementor-section-height-default elementor-section-height-default\" data-id=\"dea4a5a\" data-element_type=\"section\" data-e-type=\"section\" data-settings=\"{&quot;stretch_section&quot;:&quot;section-stretched&quot;,&quot;background_background&quot;:&quot;classic&quot;}\">\n\t\t\t\t\t\t<div class=\"elementor-container elementor-column-gap-default\">\n\t\t\t\t\t<div class=\"elementor-column elementor-col-100 elementor-top-column elementor-element elementor-element-24652ff\" data-id=\"24652ff\" data-element_type=\"column\" data-e-type=\"column\">\n\t\t\t<div class=\"elementor-widget-wrap elementor-element-populated\">\n\t\t\t\t\t\t<div class=\"elementor-element elementor-element-632cc93 hyphenate elementor-widget__width-initial elementor-widget elementor-widget-heading\" data-id=\"632cc93\" data-element_type=\"widget\" data-e-type=\"widget\" data-widget_type=\"heading.default\">\n\t\t\t\t<div class=\"elementor-widget-container\">\n\t\t\t\t\t<h1 class=\"elementor-heading-title elementor-size-default\">COFEEWORLD<\/h1>\t\t\t\t<\/div>\n\t\t\t\t<\/div>\n\t\t\t\t<div class=\"elementor-element elementor-element-fc22337 elementor-widget elementor-widget-spacer\" data-id=\"fc22337\" data-element_type=\"widget\" data-e-type=\"widget\" data-widget_type=\"spacer.default\">\n\t\t\t\t<div class=\"elementor-widget-container\">\n\t\t\t\t\t\t\t<div class=\"elementor-spacer\">\n\t\t\t<div class=\"elementor-spacer-inner\"><\/div>\n\t\t<\/div>\n\t\t\t\t\t\t<\/div>\n\t\t\t\t<\/div>\n\t\t\t\t\t<\/div>\n\t\t<\/div>\n\t\t\t\t\t<\/div>\n\t\t<\/section>\n\t\t\t\t<section class=\"elementor-section elementor-top-section elementor-element elementor-element-f1eb548 elementor-section-stretched elementor-section-boxed elementor-section-height-default elementor-section-height-default\" data-id=\"f1eb548\" data-element_type=\"section\" data-e-type=\"section\" data-settings=\"{&quot;stretch_section&quot;:&quot;section-stretched&quot;,&quot;background_background&quot;:&quot;classic&quot;}\">\n\t\t\t\t\t\t<div class=\"elementor-container elementor-column-gap-default\">\n\t\t\t\t\t<div class=\"elementor-column elementor-col-100 elementor-top-column elementor-element elementor-element-7731ead\" data-id=\"7731ead\" data-element_type=\"column\" data-e-type=\"column\">\n\t\t\t<div class=\"elementor-widget-wrap elementor-element-populated\">\n\t\t\t\t\t\t<div class=\"elementor-element elementor-element-dc044fe elementor-widget elementor-widget-spacer\" data-id=\"dc044fe\" data-element_type=\"widget\" data-e-type=\"widget\" data-widget_type=\"spacer.default\">\n\t\t\t\t<div class=\"elementor-widget-container\">\n\t\t\t\t\t\t\t<div class=\"elementor-spacer\">\n\t\t\t<div class=\"elementor-spacer-inner\"><\/div>\n\t\t<\/div>\n\t\t\t\t\t\t<\/div>\n\t\t\t\t<\/div>\n\t\t\t\t\t<\/div>\n\t\t<\/div>\n\t\t\t\t\t<\/div>\n\t\t<\/section>\n\t\t\t\t<section class=\"elementor-section elementor-top-section elementor-element elementor-element-a89d938 elementor-section-stretched elementor-section-boxed elementor-section-height-default elementor-section-height-default\" data-id=\"a89d938\" data-element_type=\"section\" data-e-type=\"section\" data-settings=\"{&quot;stretch_section&quot;:&quot;section-stretched&quot;}\">\n\t\t\t\t\t\t<div class=\"elementor-container elementor-column-gap-default\">\n\t\t\t\t\t<div class=\"elementor-column elementor-col-100 elementor-top-column elementor-element elementor-element-3be9bc9\" data-id=\"3be9bc9\" data-element_type=\"column\" data-e-type=\"column\">\n\t\t\t<div class=\"elementor-widget-wrap elementor-element-populated\">\n\t\t\t\t\t\t<div class=\"elementor-element elementor-element-5b8fd6f elementor-widget elementor-widget-spacer\" data-id=\"5b8fd6f\" data-element_type=\"widget\" data-e-type=\"widget\" data-widget_type=\"spacer.default\">\n\t\t\t\t<div class=\"elementor-widget-container\">\n\t\t\t\t\t\t\t<div class=\"elementor-spacer\">\n\t\t\t<div class=\"elementor-spacer-inner\"><\/div>\n\t\t<\/div>\n\t\t\t\t\t\t<\/div>\n\t\t\t\t<\/div>\n\t\t\t\t<div class=\"elementor-element elementor-element-3e90e2e elementor-widget elementor-widget-heading\" data-id=\"3e90e2e\" data-element_type=\"widget\" data-e-type=\"widget\" data-widget_type=\"heading.default\">\n\t\t\t\t<div class=\"elementor-widget-container\">\n\t\t\t\t\t<h2 class=\"elementor-heading-title elementor-size-default\">Die CoffeEWorld<\/h2>\t\t\t\t<\/div>\n\t\t\t\t<\/div>\n\t\t\t\t<div class=\"elementor-element elementor-element-6fccb6d elementor-widget elementor-widget-text-editor\" data-id=\"6fccb6d\" data-element_type=\"widget\" data-e-type=\"widget\" data-widget_type=\"text-editor.default\">\n\t\t\t\t<div class=\"elementor-widget-container\">\n\t\t\t\t\t\t\t\t\t<p class=\"western\">Die CoffeeWorld ist DAS Event rund um das wunderbarste Getr\u00e4nk der Welt &#8211; den Kaffee. Die CoffeeWorld ist als Endverbraucher-Messe konzipiert, Fachbesucher sind aber selbstverst\u00e4ndlich herzlich willkommen.<\/p><p class=\"western\">Besucher treffen auf Hersteller, H\u00e4ndler und Importeure von Produkten und Dienstleistungen rund um das Thema Kaffee. Bohnen aus aller Herren L\u00e4nder, Kaffee mit verschiedenen Geschmacksrichtungen und Zus\u00e4tzen, Kaffeemaschinen in jeder Preis- und Qualitslage &#8211; vollautomatisch oder mit sehr viel Handarbeit. Hinzu kommen Zubeh\u00f6r, Dekoration und alles rund um den gedeckten Kaffeetisch.<\/p><p class=\"western\">Den Ausstellern bieten wir eine gut situierte, offene Besucherzielgruppe vom Gelegenheitstrinker bis zum Kaffee-Nerd, vom Bohnen-Experten bis zum Liebhaber von spannenden Gew\u00fcrzen. Als Aussteller haben Sie die M\u00f6glichkeit ihre Produkte direkt und pers\u00f6nlich auf Herz und Nieren bei ihren Kunden testen zu lassen. Kommen sie mit ihren Kunden in einen ganz pers\u00f6nlichen Austausch. Selbstverst\u00e4ndlich ist auch der direkte Verkauf erlaubt und gew\u00fcnscht.<\/p><p class=\"western\">Abgerundet wird das Messeerlebnis von einem abwechslungsreichen B\u00fchnenprogramm. Hier geben sich Gesundheitsexperten, Barista und Unternehmerpers\u00f6nlichkeiten die Klinke bzw. das Mikro in die Hand.<\/p><p>F\u00fcr die CoffeeWorld haben sich zwei Veranstalter zusammengeschlossen. Die Th\u00f6rmann Messe GmbH und die Wellfairs GmbH haben in den letzten 20 Jahren zusammen weit \u00fcber 400 Messen, Festivals und M\u00e4rkte veranstaltet. Wir wissen also, was wir machen und machen es stets mit Leidenschaft.<\/p><p>Wir b\u00fcndeln unsere Kompetenzen und gleichen unsere jeweiligen Unzul\u00e4nglichkeiten gegenseitig aus. Das Resultat ist ein gro\u00dfartiges Team f\u00fcr eine fantastische Messe.<\/p>\t\t\t\t\t\t\t\t<\/div>\n\t\t\t\t<\/div>\n\t\t\t\t<div class=\"elementor-element elementor-element-bed41bf elementor-widget elementor-widget-spacer\" data-id=\"bed41bf\" data-element_type=\"widget\" data-e-type=\"widget\" data-widget_type=\"spacer.default\">\n\t\t\t\t<div class=\"elementor-widget-container\">\n\t\t\t\t\t\t\t<div class=\"elementor-spacer\">\n\t\t\t<div class=\"elementor-spacer-inner\"><\/div>\n\t\t<\/div>\n\t\t\t\t\t\t<\/div>\n\t\t\t\t<\/div>\n\t\t\t\t\t<\/div>\n\t\t<\/div>\n\t\t\t\t\t<\/div>\n\t\t<\/section>\n\t\t\t\t<section class=\"elementor-section elementor-top-section elementor-element elementor-element-705928c elementor-section-stretched elementor-section-boxed elementor-section-height-default elementor-section-height-default\" data-id=\"705928c\" data-element_type=\"section\" data-e-type=\"section\" data-settings=\"{&quot;stretch_section&quot;:&quot;section-stretched&quot;,&quot;background_background&quot;:&quot;classic&quot;}\">\n\t\t\t\t\t\t<div class=\"elementor-container elementor-column-gap-default\">\n\t\t\t\t\t<div class=\"elementor-column elementor-col-100 elementor-top-column elementor-element elementor-element-a74efcf\" data-id=\"a74efcf\" data-element_type=\"column\" data-e-type=\"column\">\n\t\t\t<div class=\"elementor-widget-wrap\">\n\t\t\t\t\t\t\t<\/div>\n\t\t<\/div>\n\t\t\t\t\t<\/div>\n\t\t<\/section>\n\t\t\t\t<section class=\"elementor-section elementor-top-section elementor-element elementor-element-025faf9 elementor-section-boxed elementor-section-height-default elementor-section-height-default\" data-id=\"025faf9\" data-element_type=\"section\" data-e-type=\"section\">\n\t\t\t\t\t\t<div class=\"elementor-container elementor-column-gap-default\">\n\t\t\t\t\t<div class=\"elementor-column elementor-col-33 elementor-top-column elementor-element elementor-element-2512ce0\" data-id=\"2512ce0\" data-element_type=\"column\" data-e-type=\"column\">\n\t\t\t<div class=\"elementor-widget-wrap elementor-element-populated\">\n\t\t\t\t\t\t<div class=\"elementor-element elementor-element-e2e34b7 elementor-widget elementor-widget-heading\" data-id=\"e2e34b7\" data-element_type=\"widget\" data-e-type=\"widget\" data-widget_type=\"heading.default\">\n\t\t\t\t<div class=\"elementor-widget-container\">\n\t\t\t\t\t<h2 class=\"elementor-heading-title elementor-size-default\">Veranstalter:<br>Th\u00f6rmann Messen GmbH<\/h2>\t\t\t\t<\/div>\n\t\t\t\t<\/div>\n\t\t\t\t<div class=\"elementor-element elementor-element-e1c80af elementor-widget elementor-widget-text-editor\" data-id=\"e1c80af\" data-element_type=\"widget\" data-e-type=\"widget\" data-widget_type=\"text-editor.default\">\n\t\t\t\t<div class=\"elementor-widget-container\">\n\t\t\t\t\t\t\t\t\t<p>Wir, das sind Jannis und Kristina Th\u00f6rmann sowie unsere beiden kleinen T\u00f6chter.<\/p>\n<p><\/p>\n<p>Unsere Firma gibt es seit mehr als 30 Jahren &#8211; und so lange veranstalten wir bereits Events aller Art &#8211; in der Hauptsache Antik M\u00e4rkte und Kinderflohm\u00e4rkte.<\/p>\n<p>Die Idee zu einer Messe rund um das Thema Kaffee ist uns tats\u00e4chlich auch zu Hause in der Familie gekommen. Warum gibt es eigentlich noch keine Messe zum Thema Kaffee, haben wir uns gefragt. Ja, warum eigentlich nicht&#8230;und einige Monate sp\u00e4ter sind wir hier und starten im Fr\u00fchjahr 2024 die CoffeeWorld gemeinsam mit Wellfairs.<\/p>\t\t\t\t\t\t\t\t<\/div>\n\t\t\t\t<\/div>\n\t\t\t\t\t<\/div>\n\t\t<\/div>\n\t\t\t\t<div class=\"elementor-column elementor-col-33 elementor-top-column elementor-element elementor-element-48aa0a5\" data-id=\"48aa0a5\" data-element_type=\"column\" data-e-type=\"column\">\n\t\t\t<div class=\"elementor-widget-wrap\">\n\t\t\t\t\t\t\t<\/div>\n\t\t<\/div>\n\t\t\t\t<div class=\"elementor-column elementor-col-33 elementor-top-column elementor-element elementor-element-9da1864\" data-id=\"9da1864\" data-element_type=\"column\" data-e-type=\"column\">\n\t\t\t<div class=\"elementor-widget-wrap elementor-element-populated\">\n\t\t\t\t\t\t<div class=\"elementor-element elementor-element-4fff971 elementor-widget elementor-widget-heading\" data-id=\"4fff971\" data-element_type=\"widget\" data-e-type=\"widget\" data-widget_type=\"heading.default\">\n\t\t\t\t<div class=\"elementor-widget-container\">\n\t\t\t\t\t<h2 class=\"elementor-heading-title elementor-size-default\">Co-Veranstalter:<br> wellfairs gmbH<\/h2>\t\t\t\t<\/div>\n\t\t\t\t<\/div>\n\t\t\t\t<div class=\"elementor-element elementor-element-edbf2e4 elementor-widget elementor-widget-text-editor\" data-id=\"edbf2e4\" data-element_type=\"widget\" data-e-type=\"widget\" data-widget_type=\"text-editor.default\">\n\t\t\t\t<div class=\"elementor-widget-container\">\n\t\t\t\t\t\t\t\t\t<p style=\"text-align: left;\">Die Wellfairs GmbH wurde 2014 unter anderem von Hendrik Schellkes gegr\u00fcndet.\u00a0<\/p><p>\u00a0<\/p><p style=\"text-align: left;\">Die Wellfairs GmbH veranstaltet j\u00e4hrlich Messen und Festivals in verschiedenen L\u00e4ndern. Das junge und dynamische Team besteht aus engagierten, professionellen und leidenschaftlichen Mitarbeitern, die immer f\u00fcr das ideale Event arbeiten. &#8220;Perfekt wird es nie, aber wir sind oft sehr nah dran.&#8221;, sagt Hendrik Schellkes, Gesch\u00e4ftsf\u00fchrender Gesellschafter. &#8220;Wir versuchen Erlebnisse zu schaffen &#8211; f\u00fcr Aussteller und Besucher. Wenn unsere Kunden mit einem L\u00e4cheln wieder nach Hause gehen, sind wir zufrieden.&#8221;<\/p>\t\t\t\t\t\t\t\t<\/div>\n\t\t\t\t<\/div>\n\t\t\t\t\t<\/div>\n\t\t<\/div>\n\t\t\t\t\t<\/div>\n\t\t<\/section>\n\t\t\t\t<section class=\"elementor-section elementor-top-section elementor-element elementor-element-bf1fd9c elementor-section-stretched elementor-section-boxed elementor-section-height-default elementor-section-height-default\" data-id=\"bf1fd9c\" data-element_type=\"section\" data-e-type=\"section\" data-settings=\"{&quot;stretch_section&quot;:&quot;section-stretched&quot;,&quot;background_background&quot;:&quot;classic&quot;}\">\n\t\t\t\t\t\t<div class=\"elementor-container elementor-column-gap-default\">\n\t\t\t\t\t<div class=\"elementor-column elementor-col-100 elementor-top-column elementor-element elementor-element-2ae1ebd\" data-id=\"2ae1ebd\" data-element_type=\"column\" data-e-type=\"column\">\n\t\t\t<div class=\"elementor-widget-wrap elementor-element-populated\">\n\t\t\t\t\t\t<div class=\"elementor-element elementor-element-b10ca0c elementor-widget elementor-widget-spacer\" data-id=\"b10ca0c\" data-element_type=\"widget\" data-e-type=\"widget\" data-widget_type=\"spacer.default\">\n\t\t\t\t<div class=\"elementor-widget-container\">\n\t\t\t\t\t\t\t<div class=\"elementor-spacer\">\n\t\t\t<div class=\"elementor-spacer-inner\"><\/div>\n\t\t<\/div>\n\t\t\t\t\t\t<\/div>\n\t\t\t\t<\/div>\n\t\t\t\t\t<\/div>\n\t\t<\/div>\n\t\t\t\t\t<\/div>\n\t\t<\/section>\n\t\t\t\t<\/div>\n\t\t","protected":false},"excerpt":{"rendered":"<p>COFEEWORLD Die CoffeEWorld Die CoffeeWorld ist DAS Event rund um das wunderbarste Getr\u00e4nk der Welt &#8211; den Kaffee. Die CoffeeWorld ist als Endverbraucher-Messe konzipiert, Fachbesucher sind aber selbstverst\u00e4ndlich herzlich willkommen. Besucher treffen auf Hersteller, H\u00e4ndler und Importeure von Produkten und Dienstleistungen rund um das Thema Kaffee. Bohnen aus aller Herren L\u00e4nder, Kaffee mit verschiedenen Geschmacksrichtungen [&hellip;]<\/p>\n","protected":false},"author":2,"featured_media":0,"parent":0,"menu_order":0,"comment_status":"closed","ping_status":"closed","template":"","meta":{"inline_featured_image":false,"footnotes":""},"class_list":["post-20","page","type-page","status-publish","hentry"],"yoast_head":"<!-- This site is optimized with the Yoast SEO plugin v27.3 - https:\/\/yoast.com\/product\/yoast-seo-wordpress\/ -->\n<title>\u00dcber uns - Gourmet Festival - genie\u00dfen mit Freunden.<\/title>\n<meta name=\"description\" content=\"Gourmet Festival - genie\u00dfen mit Freunden - Erfahre alles \u00fcber uns, unsere Erfolgsgeschichte und wieso uns das Thema Gourmet so viel Spa\u00df macht.\" \/>\n<meta name=\"robots\" content=\"index, follow, max-snippet:-1, max-image-preview:large, max-video-preview:-1\" \/>\n<link rel=\"canonical\" href=\"https:\/\/thecoffeeworld.de\/ueber-uns\/\" \/>\n<meta property=\"og:locale\" content=\"en_US\" \/>\n<meta property=\"og:type\" content=\"article\" \/>\n<meta property=\"og:title\" content=\"\u00dcber uns - Gourmet Festival - genie\u00dfen mit Freunden.\" \/>\n<meta property=\"og:description\" content=\"Gourmet Festival - genie\u00dfen mit Freunden - Erfahre alles \u00fcber uns, unsere Erfolgsgeschichte und wieso uns das Thema Gourmet so viel Spa\u00df macht.\" \/>\n<meta property=\"og:url\" content=\"https:\/\/thecoffeeworld.de\/ueber-uns\/\" \/>\n<meta property=\"og:site_name\" content=\"Gourmet Festivals\" \/>\n<meta property=\"article:modified_time\" content=\"2023-05-11T09:36:18+00:00\" \/>\n<meta name=\"twitter:card\" content=\"summary_large_image\" \/>\n<meta name=\"twitter:label1\" content=\"Est. reading time\" \/>\n\t<meta name=\"twitter:data1\" content=\"3 minutes\" \/>\n<script type=\"application\/ld+json\" class=\"yoast-schema-graph\">{\"@context\":\"https:\\\/\\\/schema.org\",\"@graph\":[{\"@type\":\"WebPage\",\"@id\":\"https:\\\/\\\/thecoffeeworld.de\\\/ueber-uns\\\/\",\"url\":\"https:\\\/\\\/thecoffeeworld.de\\\/ueber-uns\\\/\",\"name\":\"\u00dcber uns - Gourmet Festival - genie\u00dfen mit Freunden.\",\"isPartOf\":{\"@id\":\"https:\\\/\\\/gourmet-staging.bbmms.net\\\/#website\"},\"datePublished\":\"2020-01-31T17:39:01+00:00\",\"dateModified\":\"2023-05-11T09:36:18+00:00\",\"description\":\"Gourmet Festival - genie\u00dfen mit Freunden - Erfahre alles \u00fcber uns, unsere Erfolgsgeschichte und wieso uns das Thema Gourmet so viel Spa\u00df macht.\",\"inLanguage\":\"en-US\",\"potentialAction\":[{\"@type\":\"ReadAction\",\"target\":[\"https:\\\/\\\/thecoffeeworld.de\\\/ueber-uns\\\/\"]}]},{\"@type\":\"WebSite\",\"@id\":\"https:\\\/\\\/gourmet-staging.bbmms.net\\\/#website\",\"url\":\"https:\\\/\\\/gourmet-staging.bbmms.net\\\/\",\"name\":\"Gourmet Festivals\",\"description\":\"Genie\u00dfen mit Freunden\",\"publisher\":{\"@id\":\"https:\\\/\\\/gourmet-staging.bbmms.net\\\/#organization\"},\"potentialAction\":[{\"@type\":\"SearchAction\",\"target\":{\"@type\":\"EntryPoint\",\"urlTemplate\":\"https:\\\/\\\/gourmet-staging.bbmms.net\\\/?s={search_term_string}\"},\"query-input\":{\"@type\":\"PropertyValueSpecification\",\"valueRequired\":true,\"valueName\":\"search_term_string\"}}],\"inLanguage\":\"en-US\"},{\"@type\":\"Organization\",\"@id\":\"https:\\\/\\\/gourmet-staging.bbmms.net\\\/#organization\",\"name\":\"Gourmet Festivals\",\"url\":\"https:\\\/\\\/gourmet-staging.bbmms.net\\\/\",\"logo\":{\"@type\":\"ImageObject\",\"inLanguage\":\"en-US\",\"@id\":\"https:\\\/\\\/gourmet-staging.bbmms.net\\\/#\\\/schema\\\/logo\\\/image\\\/\",\"url\":\"https:\\\/\\\/thecoffeeworld.de\\\/wp-content\\\/uploads\\\/2020\\\/05\\\/Coffee_World_Logo_for_now-removebg-preview.png\",\"contentUrl\":\"https:\\\/\\\/thecoffeeworld.de\\\/wp-content\\\/uploads\\\/2020\\\/05\\\/Coffee_World_Logo_for_now-removebg-preview.png\",\"width\":505,\"height\":494,\"caption\":\"Gourmet Festivals\"},\"image\":{\"@id\":\"https:\\\/\\\/gourmet-staging.bbmms.net\\\/#\\\/schema\\\/logo\\\/image\\\/\"}}]}<\/script>\n<!-- \/ Yoast SEO plugin. -->","yoast_head_json":{"title":"\u00dcber uns - Gourmet Festival - genie\u00dfen mit Freunden.","description":"Gourmet Festival - genie\u00dfen mit Freunden - Erfahre alles \u00fcber uns, unsere Erfolgsgeschichte und wieso uns das Thema Gourmet so viel Spa\u00df macht.","robots":{"index":"index","follow":"follow","max-snippet":"max-snippet:-1","max-image-preview":"max-image-preview:large","max-video-preview":"max-video-preview:-1"},"canonical":"https:\/\/thecoffeeworld.de\/ueber-uns\/","og_locale":"en_US","og_type":"article","og_title":"\u00dcber uns - Gourmet Festival - genie\u00dfen mit Freunden.","og_description":"Gourmet Festival - genie\u00dfen mit Freunden - Erfahre alles \u00fcber uns, unsere Erfolgsgeschichte und wieso uns das Thema Gourmet so viel Spa\u00df macht.","og_url":"https:\/\/thecoffeeworld.de\/ueber-uns\/","og_site_name":"Gourmet Festivals","article_modified_time":"2023-05-11T09:36:18+00:00","twitter_card":"summary_large_image","twitter_misc":{"Est. reading time":"3 minutes"},"schema":{"@context":"https:\/\/schema.org","@graph":[{"@type":"WebPage","@id":"https:\/\/thecoffeeworld.de\/ueber-uns\/","url":"https:\/\/thecoffeeworld.de\/ueber-uns\/","name":"\u00dcber uns - Gourmet Festival - genie\u00dfen mit Freunden.","isPartOf":{"@id":"https:\/\/gourmet-staging.bbmms.net\/#website"},"datePublished":"2020-01-31T17:39:01+00:00","dateModified":"2023-05-11T09:36:18+00:00","description":"Gourmet Festival - genie\u00dfen mit Freunden - Erfahre alles \u00fcber uns, unsere Erfolgsgeschichte und wieso uns das Thema Gourmet so viel Spa\u00df macht.","inLanguage":"en-US","potentialAction":[{"@type":"ReadAction","target":["https:\/\/thecoffeeworld.de\/ueber-uns\/"]}]},{"@type":"WebSite","@id":"https:\/\/gourmet-staging.bbmms.net\/#website","url":"https:\/\/gourmet-staging.bbmms.net\/","name":"Gourmet Festivals","description":"Genie\u00dfen mit Freunden","publisher":{"@id":"https:\/\/gourmet-staging.bbmms.net\/#organization"},"potentialAction":[{"@type":"SearchAction","target":{"@type":"EntryPoint","urlTemplate":"https:\/\/gourmet-staging.bbmms.net\/?s={search_term_string}"},"query-input":{"@type":"PropertyValueSpecification","valueRequired":true,"valueName":"search_term_string"}}],"inLanguage":"en-US"},{"@type":"Organization","@id":"https:\/\/gourmet-staging.bbmms.net\/#organization","name":"Gourmet Festivals","url":"https:\/\/gourmet-staging.bbmms.net\/","logo":{"@type":"ImageObject","inLanguage":"en-US","@id":"https:\/\/gourmet-staging.bbmms.net\/#\/schema\/logo\/image\/","url":"https:\/\/thecoffeeworld.de\/wp-content\/uploads\/2020\/05\/Coffee_World_Logo_for_now-removebg-preview.png","contentUrl":"https:\/\/thecoffeeworld.de\/wp-content\/uploads\/2020\/05\/Coffee_World_Logo_for_now-removebg-preview.png","width":505,"height":494,"caption":"Gourmet Festivals"},"image":{"@id":"https:\/\/gourmet-staging.bbmms.net\/#\/schema\/logo\/image\/"}}]}},"wpml_current_locale":"de_DE","wpml_translations":[],"_links":{"self":[{"href":"https:\/\/thecoffeeworld.de\/en\/wp-json\/wp\/v2\/pages\/20","targetHints":{"allow":["GET"]}}],"collection":[{"href":"https:\/\/thecoffeeworld.de\/en\/wp-json\/wp\/v2\/pages"}],"about":[{"href":"https:\/\/thecoffeeworld.de\/en\/wp-json\/wp\/v2\/types\/page"}],"author":[{"embeddable":true,"href":"https:\/\/thecoffeeworld.de\/en\/wp-json\/wp\/v2\/users\/2"}],"replies":[{"embeddable":true,"href":"https:\/\/thecoffeeworld.de\/en\/wp-json\/wp\/v2\/comments?post=20"}],"version-history":[{"count":131,"href":"https:\/\/thecoffeeworld.de\/en\/wp-json\/wp\/v2\/pages\/20\/revisions"}],"predecessor-version":[{"id":119016,"href":"https:\/\/thecoffeeworld.de\/en\/wp-json\/wp\/v2\/pages\/20\/revisions\/119016"}],"wp:attachment":[{"href":"https:\/\/thecoffeeworld.de\/en\/wp-json\/wp\/v2\/media?parent=20"}],"curies":[{"name":"wp","href":"https:\/\/api.w.org\/{rel}","templated":true}]}}